{"id":18,"date":"2020-02-25T14:40:57","date_gmt":"2020-02-25T13:40:57","guid":{"rendered":"https:\/\/www.slothmetics.at\/shop\/widerrufsbelehrung\/"},"modified":"2020-03-27T10:23:23","modified_gmt":"2020-03-27T09:23:23","slug":"widerrufsbelehrung","status":"publish","type":"page","link":"https:\/\/www.bathplosion.at\/shop\/widerrufsbelehrung\/","title":{"rendered":"Widerrufsbelehrung"},"content":{"rendered":"\n<p><strong>Informationen\nzur Aus\u00fcbung des Widerrufsrechts im Falle eines Kaufvertrags \u00fcber die Lieferung\neiner oder mehrerer Waren in einer Sendung<\/strong><\/p>\n\n\n\n<p><strong>Widerrufsbelehrung<\/strong><\/p>\n\n\n\n<p><strong>Widerrufsrecht<\/strong><\/p>\n\n\n\n<p>Sie haben das Recht, binnen vierzehn\nTagen ohne Angabe von Gr\u00fcnden diesen Vertrag zu widerrufen.<\/p>\n\n\n\n<p>Die Widerrufsfrist betr\u00e4gt vierzehn Tage\nab dem Tag, an dem Sie oder ein von Ihnen benannter Dritter, der nicht der\nBef\u00f6rderer ist, die Waren in Besitz genommen haben bzw. hat;<\/p>\n\n\n\n<p>Um Ihr Widerrufsrecht auszu\u00fcben, m\u00fcssen\nSie uns<\/p>\n\n\n\n<p><strong>Lena Glavanovits, 8712 Niklasdorf Hauptstra\u00dfe 8\/3 Austria, shop@bathplosion.at, +43 677 637 165 31<\/strong><\/p>\n\n\n\n<p><\/p>\n\n\n\n<p>mittels einer eindeutigen Erkl\u00e4rung\n(z.B. ein mit der Post versandter Brief, Telefax oder E-Mail) \u00fcber Ihren\nEntschluss, diesen Vertrag zu widerrufen, informieren. Sie k\u00f6nnen daf\u00fcr das\nbeigef\u00fcgte Muster-Widerrufsformular verwenden, das jedoch nicht vorgeschrieben\nist.<\/p>\n\n\n\n<p>Zur Wahrung der Widerrufsfrist reicht es\naus, dass Sie die Mitteilung \u00fcber die Aus\u00fcbung des Widerrufsrechts vor Ablauf\nder Widerrufsfrist absenden.<\/p>\n\n\n\n<p><strong>Folgen des Widerrufs<\/strong><\/p>\n\n\n\n<p>Wenn Sie diesen Vertrag widerrufen,\nhaben wir Ihnen alle Zahlungen, die wir von Ihnen erhalten haben,\neinschlie\u00dflich der Lieferkosten (mit Ausnahme der zus\u00e4tzlichen Kosten, die sich\ndaraus ergeben, dass Sie eine andere Art der Lieferung als die von uns\nangebotene, g\u00fcnstigste Standardlieferung gew\u00e4hlt haben), unverz\u00fcglich und\nsp\u00e4testens binnen vierzehn Tagen ab dem Tag zur\u00fcckzuzahlen, an dem die\nMitteilung \u00fcber Ihren Widerruf dieses Vertrags bei uns eingegangen ist. F\u00fcr\ndiese R\u00fcckzahlung verwenden wir dasselbe Zahlungsmittel, das Sie bei der\nurspr\u00fcnglichen Transaktion eingesetzt haben, es sei denn, mit Ihnen wurde\nausdr\u00fccklich etwas anderes vereinbart; in keinem Fall werden Ihnen wegen dieser\nR\u00fcckzahlung Entgelte berechnet.<\/p>\n\n\n\n<p>Wir k\u00f6nnen die R\u00fcckzahlung verweigern,\nbis wir die Waren wieder zur\u00fcckerhalten haben oder bis Sie den Nachweis\nerbracht haben, dass Sie die Waren zur\u00fcckgesandt haben, je nachdem, welches der\nfr\u00fchere Zeitpunkt ist.<\/p>\n\n\n\n<p><\/p>\n\n\n\n<p>Sie haben die Waren unverz\u00fcglich und in jedem Fall sp\u00e4testens binnen vierzehn Tagen ab dem Tag, an dem Sie uns \u00fcber den Widerruf dieses Vertrags unterrichten, an uns  <\/p>\n\n\n\n<p><strong>Lena Glavanovits, 8712 Niklasdorf Hauptstra\u00dfe 8\/3 Austria<\/strong> <\/p>\n\n\n\n<p>zur\u00fcckzusenden.<\/p>\n\n\n\n<p>Die Frist ist gewahrt, wenn Sie die Waren vor Ablauf der Frist von vierzehn Tagen absenden.<\/p>\n\n\n\n<p>Sie tragen die unmittelbaren Kosten der R\u00fccksendung der Waren.<\/p>\n\n\n\n<p>Sie m\u00fcssen f\u00fcr einen etwaigen Wertverlust der Waren nur aufkommen, wenn dieser Wertverlust auf einen zur Pr\u00fcfung der Beschaffenheit, Eigenschaften und Funktionsweise der Waren nicht notwendigen Umgang mit ihnen zur\u00fcckzuf\u00fchren ist.<\/p>\n\n\n\n<p><strong>Widerrufsformular<\/strong><\/p>\n\n\n\n<p>(Wenn Sie den Vertrag widerrufen wollen,\ndann f\u00fcllen Sie bitte dieses Formular aus und senden Sie es zur\u00fcck)<\/p>\n\n\n\n<p>&#8211; An   <strong>Lena Glavanovits, 8712 Niklasdorf Hauptstra\u00dfe 8\/3 Austria, shop@bathplosion.at, +43 677 637 165 31<\/strong> <\/p>\n\n\n\n<p><\/p>\n\n\n\n<p>Hiermit widerrufe(n) ich\/wir (*) den von\nmir\/uns (*) abgeschlossenen Vertrag \u00fcber den Kauf der folgenden Waren (*)\/die\nErbringung der folgenden Dienstleistung (*)<\/p>\n\n\n\n<p>-Bestellt am (*)\/erhalten am (*)<\/p>\n\n\n\n<p>-Name des\/der Verbraucher(s)<\/p>\n\n\n\n<p>-Anschrift des\/der Verbraucher(s)<\/p>\n\n\n\n<p>-Unterschrift des\/der Verbraucher(s)\n(nur bei Mitteilung auf Papier)<\/p>\n\n\n\n<p>-Datum<\/p>\n\n\n\n<p>(*) Unzutreffendes streichen.<\/p>\n","protected":false},"excerpt":{"rendered":"<p>Informationen zur Aus\u00fcbung des Widerrufsrechts im Falle eines Kaufvertrags \u00fcber die Lieferung einer oder mehrerer Waren in einer Sendung Widerrufsbelehrung Widerrufsrecht Sie haben das Recht, binnen vierzehn Tagen ohne Angabe von Gr\u00fcnden diesen Vertrag zu widerrufen. Die Widerrufsfrist betr\u00e4gt vierzehn Tage ab dem Tag, an dem Sie oder ein von Ihnen benannter Dritter, der nicht [&hellip;]<\/p>\n","protected":false},"author":1,"featured_media":0,"parent":0,"menu_order":0,"comment_status":"closed","ping_status":"closed","template":"","meta":{"_acf_changed":false,"footnotes":""},"class_list":["post-18","page","type-page","status-publish","hentry"],"acf":[],"jetpack_sharing_enabled":true,"_links":{"self":[{"href":"https:\/\/www.bathplosion.at\/shop\/wp-json\/wp\/v2\/pages\/18","targetHints":{"allow":["GET"]}}],"collection":[{"href":"https:\/\/www.bathplosion.at\/shop\/wp-json\/wp\/v2\/pages"}],"about":[{"href":"https:\/\/www.bathplosion.at\/shop\/wp-json\/wp\/v2\/types\/page"}],"author":[{"embeddable":true,"href":"https:\/\/www.bathplosion.at\/shop\/wp-json\/wp\/v2\/users\/1"}],"replies":[{"embeddable":true,"href":"https:\/\/www.bathplosion.at\/shop\/wp-json\/wp\/v2\/comments?post=18"}],"version-history":[{"count":3,"href":"https:\/\/www.bathplosion.at\/shop\/wp-json\/wp\/v2\/pages\/18\/revisions"}],"predecessor-version":[{"id":103,"href":"https:\/\/www.bathplosion.at\/shop\/wp-json\/wp\/v2\/pages\/18\/revisions\/103"}],"wp:attachment":[{"href":"https:\/\/www.bathplosion.at\/shop\/wp-json\/wp\/v2\/media?parent=18"}],"curies":[{"name":"wp","href":"https:\/\/api.w.org\/{rel}","templated":true}]}}