{"id":19,"date":"2020-02-25T14:40:58","date_gmt":"2020-02-25T13:40:58","guid":{"rendered":"https:\/\/www.slothmetics.at\/shop\/versandarten\/"},"modified":"2020-06-08T13:39:27","modified_gmt":"2020-06-08T11:39:27","slug":"versandarten","status":"publish","type":"page","link":"https:\/\/www.bathplosion.at\/shop\/versandarten\/","title":{"rendered":"Zahlung und Versand"},"content":{"rendered":"\n<p class=\"has-huge-font-size\">Zahlungsarten<\/p>\n\n\n\n<p>In unserem Shop werden folgende Zahlungsarten akzeptiert:<\/p>\n\n\n\n<ul class=\"wp-block-list\"><li>Vorkasse<\/li><li>PayPal<\/li><\/ul>\n\n\n\n<p>Die Produkte enthalten keine Mehrwertsteuer da es sich bei bathplosion um ein Kleinunternehmer nach \u00a719 (1) UStG handelt.<\/p>\n\n\n\n<p class=\"has-huge-font-size\">Versand<\/p>\n\n\n\n<p><strong>Au\u00dferhalb von Deutschland und \u00d6sterreich ist aus logistischen Gr\u00fcnden leider kein Versand m\u00f6glich! <\/strong><br><br>Wir versuchen Ihre Bestellung so schnell wie m\u00f6glich fertig zu machen und schicken Ihnen eine Versandbest\u00e4tigung, sobald das Paket unser Haus verlassen hat. Im Normalfall dauert die Bearbeitung der Bestellung 1-3 Werktage. Wir bitten Sie, es uns zu verzeihen, wenn es einmal l\u00e4nger dauern sollte. Als kleines Familienunternehmen haben wir leider nur begrenzte Ressourcen zur Verf\u00fcgung.<br>Falls die Bearbeitung der Bestellung l\u00e4nger als 3 Werktage dauert, erhalten Sie von uns eine Benachrichtigung per E-Mail.<\/p>\n\n\n\n<p class=\"has-medium-font-size\"><strong>Standard (Post \u00d6sterreich)<\/strong><\/p>\n\n\n\n<p><strong>KOSTEN<\/strong><\/p>\n\n\n\n<p>\u20ac 5 &#8211; nach <strong>\u00d6sterreich<\/strong>, ab \u20ac 35 (inkl. USt 20%) liefern wir portofrei<br>\u20ac 10 &#8211; nach <strong>Deutschland<\/strong> , ab \u20ac 65 (inkl. USt 20%) liefern wir portofrei <\/p>\n\n\n\n<p><\/p>\n\n\n\n<p>Wir versenden mit der Post AG, da f\u00fcr uns nicht nur die Kundenzufriedenheit sehr wichtig ist, sondern auch, dass die Arbeitskr\u00e4fte, welche daf\u00fcr sorgen, dass die Lieferung gut zu unseren Kunden gelangen, fair entlohnt werden.<\/p>\n\n\n\n<figure class=\"wp-block-table\"><table><tbody><tr><td><strong>Lieferzeit<\/strong><br>Die Lieferung innerhalb von \u00d6sterreich betr\u00e4gt 3-5 Werktage.<br>Die Lieferung nach Deutschland betr\u00e4gt 5-10 Werktage.<br>Bitte beachte, dass es auf Grund der aktuellen Situation und Restriktionen durch den Corvid-19 Virus zu Verz\u00f6gerungen der Lieferung kommen kann.<br><\/td><\/tr><\/tbody><\/table><\/figure>\n\n\n\n<p><strong>R\u00dcCKSENDUNG<\/strong><\/p>\n\n\n\n<p>R\u00fcckgabe-Details findest du unter <a href=\"https:\/\/www.slothmetics.at\/shop\/widerrufsbelehrung\/\">https:\/\/www.bathplosion.at\/shop\/widerrufsbelehrung\/<\/a><\/p>\n","protected":false},"excerpt":{"rendered":"<p>Zahlungsarten In unserem Shop werden folgende Zahlungsarten akzeptiert: Vorkasse PayPal Die Produkte enthalten keine Mehrwertsteuer da es sich bei bathplosion um ein Kleinunternehmer nach \u00a719 (1) UStG handelt. Versand Au\u00dferhalb von Deutschland und \u00d6sterreich ist aus logistischen Gr\u00fcnden leider kein Versand m\u00f6glich! Wir versuchen Ihre Bestellung so schnell wie m\u00f6glich fertig zu machen und schicken [&hellip;]<\/p>\n","protected":false},"author":1,"featured_media":0,"parent":0,"menu_order":0,"comment_status":"closed","ping_status":"closed","template":"","meta":{"_acf_changed":false,"footnotes":""},"class_list":["post-19","page","type-page","status-publish","hentry"],"acf":[],"jetpack_sharing_enabled":true,"_links":{"self":[{"href":"https:\/\/www.bathplosion.at\/shop\/wp-json\/wp\/v2\/pages\/19","targetHints":{"allow":["GET"]}}],"collection":[{"href":"https:\/\/www.bathplosion.at\/shop\/wp-json\/wp\/v2\/pages"}],"about":[{"href":"https:\/\/www.bathplosion.at\/shop\/wp-json\/wp\/v2\/types\/page"}],"author":[{"embeddable":true,"href":"https:\/\/www.bathplosion.at\/shop\/wp-json\/wp\/v2\/users\/1"}],"replies":[{"embeddable":true,"href":"https:\/\/www.bathplosion.at\/shop\/wp-json\/wp\/v2\/comments?post=19"}],"version-history":[{"count":10,"href":"https:\/\/www.bathplosion.at\/shop\/wp-json\/wp\/v2\/pages\/19\/revisions"}],"predecessor-version":[{"id":157,"href":"https:\/\/www.bathplosion.at\/shop\/wp-json\/wp\/v2\/pages\/19\/revisions\/157"}],"wp:attachment":[{"href":"https:\/\/www.bathplosion.at\/shop\/wp-json\/wp\/v2\/media?parent=19"}],"curies":[{"name":"wp","href":"https:\/\/api.w.org\/{rel}","templated":true}]}}