{"id":4809,"date":"2025-09-18T21:12:28","date_gmt":"2025-09-18T19:12:28","guid":{"rendered":"https:\/\/www.bathplosion.at\/shop\/?page_id=4809"},"modified":"2025-09-18T21:12:28","modified_gmt":"2025-09-18T19:12:28","slug":"aktuelles","status":"publish","type":"page","link":"https:\/\/www.bathplosion.at\/shop\/aktuelles\/","title":{"rendered":"Aktuelles"},"content":{"rendered":"\n<p>Was ist los in unseren Badewannen. Hier findet ihr alle Neuigkeiten rund um bathplosion.<\/p>\n\n\n\n<p><\/p>\n\n\n\n<h2 class=\"wp-block-heading\">Es wird k\u00fchler<\/h2>\n\n\n\n<p> &#8230; und damit endlich wieder Zeit f\u00fcr die Badewanne.  Damit ihr die k\u00fchle Jahreszeit so richtig geniesen k\u00f6nnt, empfehlen wir euch unsere richtig tollen Launemacher, unsere Badebomben. Passend zum Herbst ist gerade unser <a href=\"https:\/\/www.bathplosion.at\/shop\/produkt\/badebombe-betthupferl\/\">Betthupferl <\/a>ein wahrer Schatz. Nicht nur bezaubert das lila Wasser und der Glitzer darin, auch der Duft heimelt so richtig ein.<\/p>\n\n\n\n<p><\/p>\n\n\n\n<figure class=\"wp-block-embed is-type-video is-provider-youtube wp-block-embed-youtube wp-embed-aspect-16-9 wp-has-aspect-ratio\"><div class=\"wp-block-embed__wrapper\">\n<iframe loading=\"lazy\" title=\"Betthupferl\" width=\"980\" height=\"551\" src=\"https:\/\/www.youtube.com\/embed\/m6ST7hJVKPc?feature=oembed\" frameborder=\"0\" allow=\"accelerometer; autoplay; clipboard-write; encrypted-media; gyroscope; picture-in-picture; web-share\" referrerpolicy=\"strict-origin-when-cross-origin\" allowfullscreen><\/iframe>\n<\/div><\/figure>\n","protected":false},"excerpt":{"rendered":"<p>Was ist los in unseren Badewannen. Hier findet ihr alle Neuigkeiten rund um bathplosion. Es wird k\u00fchler &#8230; und damit endlich wieder Zeit f\u00fcr die Badewanne. Damit ihr die k\u00fchle Jahreszeit so richtig geniesen k\u00f6nnt, empfehlen wir euch unsere richtig tollen Launemacher, unsere Badebomben. Passend zum Herbst ist gerade unser Betthupferl ein wahrer Schatz. Nicht [&hellip;]<\/p>\n","protected":false},"author":1,"featured_media":0,"parent":0,"menu_order":0,"comment_status":"closed","ping_status":"closed","template":"","meta":{"_acf_changed":false,"footnotes":""},"class_list":["post-4809","page","type-page","status-publish","hentry"],"acf":[],"jetpack_sharing_enabled":true,"_links":{"self":[{"href":"https:\/\/www.bathplosion.at\/shop\/wp-json\/wp\/v2\/pages\/4809","targetHints":{"allow":["GET"]}}],"collection":[{"href":"https:\/\/www.bathplosion.at\/shop\/wp-json\/wp\/v2\/pages"}],"about":[{"href":"https:\/\/www.bathplosion.at\/shop\/wp-json\/wp\/v2\/types\/page"}],"author":[{"embeddable":true,"href":"https:\/\/www.bathplosion.at\/shop\/wp-json\/wp\/v2\/users\/1"}],"replies":[{"embeddable":true,"href":"https:\/\/www.bathplosion.at\/shop\/wp-json\/wp\/v2\/comments?post=4809"}],"version-history":[{"count":3,"href":"https:\/\/www.bathplosion.at\/shop\/wp-json\/wp\/v2\/pages\/4809\/revisions"}],"predecessor-version":[{"id":4814,"href":"https:\/\/www.bathplosion.at\/shop\/wp-json\/wp\/v2\/pages\/4809\/revisions\/4814"}],"wp:attachment":[{"href":"https:\/\/www.bathplosion.at\/shop\/wp-json\/wp\/v2\/media?parent=4809"}],"curies":[{"name":"wp","href":"https:\/\/api.w.org\/{rel}","templated":true}]}}