{"id":235,"date":"2020-11-03T14:42:11","date_gmt":"2020-11-03T13:42:11","guid":{"rendered":"https:\/\/www.bathplosion.at\/shop\/?post_type=product&#038;p=235"},"modified":"2025-10-15T02:00:31","modified_gmt":"2025-10-15T00:00:31","slug":"badebomben-farbwuerfel-kunterbunt","status":"publish","type":"product","link":"https:\/\/www.bathplosion.at\/shop\/produkt\/badebomben-farbwuerfel-kunterbunt\/","title":{"rendered":"Badebomben &#8222;Farbw\u00fcrfel &#8211; Kunterbunt&#8220;"},"content":{"rendered":"","protected":false},"excerpt":{"rendered":"<p>Diese kleinen W\u00fcrfel bringen Farbe in die Wanne. Sie l\u00f6sen sich r\u00fcckstandslos auf und die Farbe l\u00e4sst sich einfach absp\u00fclen.<\/p>\n<p>Eine Packung enth\u00e4lt 10 Farbw\u00fcrfel farblich bunt gemischt.<\/p>\n","protected":false},"featured_media":3409,"comment_status":"open","ping_status":"closed","template":"","meta":{"_acf_changed":false},"product_brand":[],"product_cat":[47,34],"product_tag":[],"class_list":{"0":"post-235","1":"product","2":"type-product","3":"status-publish","4":"has-post-thumbnail","6":"product_cat-kinder-lieblinge","7":"product_cat-badebomben","9":"first","10":"instock","11":"shipping-taxable","12":"purchasable","13":"product-type-simple"},"acf":[],"jetpack_sharing_enabled":true,"_links":{"self":[{"href":"https:\/\/www.bathplosion.at\/shop\/wp-json\/wp\/v2\/product\/235","targetHints":{"allow":["GET"]}}],"collection":[{"href":"https:\/\/www.bathplosion.at\/shop\/wp-json\/wp\/v2\/product"}],"about":[{"href":"https:\/\/www.bathplosion.at\/shop\/wp-json\/wp\/v2\/types\/product"}],"replies":[{"embeddable":true,"href":"https:\/\/www.bathplosion.at\/shop\/wp-json\/wp\/v2\/comments?post=235"}],"wp:featuredmedia":[{"embeddable":true,"href":"https:\/\/www.bathplosion.at\/shop\/wp-json\/wp\/v2\/media\/3409"}],"wp:attachment":[{"href":"https:\/\/www.bathplosion.at\/shop\/wp-json\/wp\/v2\/media?parent=235"}],"wp:term":[{"taxonomy":"product_brand","embeddable":true,"href":"https:\/\/www.bathplosion.at\/shop\/wp-json\/wp\/v2\/product_brand?post=235"},{"taxonomy":"product_cat","embeddable":true,"href":"https:\/\/www.bathplosion.at\/shop\/wp-json\/wp\/v2\/product_cat?post=235"},{"taxonomy":"product_tag","embeddable":true,"href":"https:\/\/www.bathplosion.at\/shop\/wp-json\/wp\/v2\/product_tag?post=235"}],"curies":[{"name":"wp","href":"https:\/\/api.w.org\/{rel}","templated":true}]}}