{"id":504,"date":"2021-11-22T21:01:39","date_gmt":"2021-11-22T20:01:39","guid":{"rendered":"https:\/\/www.bathplosion.at\/shop\/?post_type=product&#038;p=504"},"modified":"2024-06-03T09:11:51","modified_gmt":"2024-06-03T07:11:51","slug":"badebutter-malseife-set","status":"publish","type":"product","link":"https:\/\/www.bathplosion.at\/shop\/produkt\/badebutter-malseife-set\/","title":{"rendered":"Badebutter &#8222;Malseife&#8220; Set"},"content":{"rendered":"","protected":false},"excerpt":{"rendered":"<p>Bei unserer <strong>Badebutter<\/strong> handelt es sich um eine Waschcreme auf Basis eines sehr saften Tensids (SCI) das die Haut schont. Zus\u00e4tzlich haben wir in unsere Rezeptur noch extra <strong>Mandel\u00f6l<\/strong> f\u00fcr eine seidig weiche Haut rein gepackt.<\/p>\n<p>Die <strong>Malseife<\/strong> enth\u00e4lt Pigmente f\u00fcr ein wunderbar buntes Bade-oder Duscherlebnis. Die Pigmente sind sehr gut vertr\u00e4glich und lassen sich einfach abwaschen. Die Malseife ist <strong>frei von Duftstoffen<\/strong> und auch f\u00fcr Kinder gut geeignet. Wir empfehlen jedoch sie immer unter Aufsicht zu verwenden, denn man wei\u00df sonst nicht, was allesbunt wird ;).<\/p>\n<p>&nbsp;<\/p>\n","protected":false},"featured_media":3367,"comment_status":"open","ping_status":"closed","template":"","meta":{"_acf_changed":false},"product_brand":[],"product_cat":[47,60,46],"product_tag":[56,40,55],"class_list":{"0":"post-504","1":"product","2":"type-product","3":"status-publish","4":"has-post-thumbnail","6":"product_cat-kinder-lieblinge","7":"product_cat-kosmetik","8":"product_cat-badebutter","9":"product_tag-bunt","10":"product_tag-kleinkinder","11":"product_tag-malseife","13":"first","14":"instock","15":"shipping-taxable","16":"purchasable","17":"product-type-variable","18":"has-default-attributes"},"acf":[],"jetpack_sharing_enabled":true,"_links":{"self":[{"href":"https:\/\/www.bathplosion.at\/shop\/wp-json\/wp\/v2\/product\/504","targetHints":{"allow":["GET"]}}],"collection":[{"href":"https:\/\/www.bathplosion.at\/shop\/wp-json\/wp\/v2\/product"}],"about":[{"href":"https:\/\/www.bathplosion.at\/shop\/wp-json\/wp\/v2\/types\/product"}],"replies":[{"embeddable":true,"href":"https:\/\/www.bathplosion.at\/shop\/wp-json\/wp\/v2\/comments?post=504"}],"wp:featuredmedia":[{"embeddable":true,"href":"https:\/\/www.bathplosion.at\/shop\/wp-json\/wp\/v2\/media\/3367"}],"wp:attachment":[{"href":"https:\/\/www.bathplosion.at\/shop\/wp-json\/wp\/v2\/media?parent=504"}],"wp:term":[{"taxonomy":"product_brand","embeddable":true,"href":"https:\/\/www.bathplosion.at\/shop\/wp-json\/wp\/v2\/product_brand?post=504"},{"taxonomy":"product_cat","embeddable":true,"href":"https:\/\/www.bathplosion.at\/shop\/wp-json\/wp\/v2\/product_cat?post=504"},{"taxonomy":"product_tag","embeddable":true,"href":"https:\/\/www.bathplosion.at\/shop\/wp-json\/wp\/v2\/product_tag?post=504"}],"curies":[{"name":"wp","href":"https:\/\/api.w.org\/{rel}","templated":true}]}}