{"id":93,"date":"2020-03-26T20:28:19","date_gmt":"2020-03-26T19:28:19","guid":{"rendered":"https:\/\/www.bathplosion.at\/shop\/?post_type=product&#038;p=93"},"modified":"2023-10-23T10:05:02","modified_gmt":"2023-10-23T08:05:02","slug":"badebombe-mini","status":"publish","type":"product","link":"https:\/\/www.bathplosion.at\/shop\/produkt\/badebombe-mini\/","title":{"rendered":"Badebombe &#8222;Mini&#8220;"},"content":{"rendered":"","protected":false},"excerpt":{"rendered":"<p>Du bist nicht sicher, welche Badebombe du versuchen m\u00f6chtest oder brauchst einfach nicht so viel Badezusatz f\u00fcr ein Bad? Dann bist du mit unseren Minis genau richtig. Es gibt sie in den Farben und D\u00fcften unserer gro\u00dfen Badebomben, sie sind jedoch kleiner und nat\u00fcrlich auch deutlich g\u00fcnstiger.<\/p>\n<p>Wir pers\u00f6nlich finden unsere Minis auch perfekt f\u00fcr ein Kleinkind-Halbbad. F\u00fcr ein sogenanntes Schaffelbad, wenn euer Kind in einer W\u00e4schewanne oder Kinderbadewanne badet, reicht oft sogar eine halbe.<\/p>\n<p>Unsere Minis kommen gemischt und je nach Verf\u00fcgbarkeit. Wenn du mehrere bestellst, versuchen wir allerdings, sie durchzumischen, so dass du mehrere Sorten ausprobieren kannst.<\/p>\n","protected":false},"featured_media":3338,"comment_status":"open","ping_status":"closed","template":"","meta":{"_acf_changed":false},"product_brand":[],"product_cat":[47,60,34],"product_tag":[39,37,40],"class_list":{"0":"post-93","1":"product","2":"type-product","3":"status-publish","4":"has-post-thumbnail","6":"product_cat-kinder-lieblinge","7":"product_cat-kosmetik","8":"product_cat-badebomben","9":"product_tag-festes-badeoel","10":"product_tag-glitzer","11":"product_tag-kleinkinder","13":"first","14":"instock","15":"purchasable","16":"product-type-simple"},"acf":[],"jetpack_sharing_enabled":true,"_links":{"self":[{"href":"https:\/\/www.bathplosion.at\/shop\/wp-json\/wp\/v2\/product\/93","targetHints":{"allow":["GET"]}}],"collection":[{"href":"https:\/\/www.bathplosion.at\/shop\/wp-json\/wp\/v2\/product"}],"about":[{"href":"https:\/\/www.bathplosion.at\/shop\/wp-json\/wp\/v2\/types\/product"}],"replies":[{"embeddable":true,"href":"https:\/\/www.bathplosion.at\/shop\/wp-json\/wp\/v2\/comments?post=93"}],"wp:featuredmedia":[{"embeddable":true,"href":"https:\/\/www.bathplosion.at\/shop\/wp-json\/wp\/v2\/media\/3338"}],"wp:attachment":[{"href":"https:\/\/www.bathplosion.at\/shop\/wp-json\/wp\/v2\/media?parent=93"}],"wp:term":[{"taxonomy":"product_brand","embeddable":true,"href":"https:\/\/www.bathplosion.at\/shop\/wp-json\/wp\/v2\/product_brand?post=93"},{"taxonomy":"product_cat","embeddable":true,"href":"https:\/\/www.bathplosion.at\/shop\/wp-json\/wp\/v2\/product_cat?post=93"},{"taxonomy":"product_tag","embeddable":true,"href":"https:\/\/www.bathplosion.at\/shop\/wp-json\/wp\/v2\/product_tag?post=93"}],"curies":[{"name":"wp","href":"https:\/\/api.w.org\/{rel}","templated":true}]}}